{"id":102,"date":"2019-01-16T16:45:07","date_gmt":"2019-01-16T16:45:07","guid":{"rendered":"http:\/\/habiballa.8u.cz\/?page_id=102"},"modified":"2021-09-16T19:27:55","modified_gmt":"2021-09-16T17:27:55","slug":"vyuka","status":"publish","type":"page","link":"https:\/\/web.osu.cz\/~Habiballa\/vyuka\/","title":{"rendered":"V\u00fduka"},"content":{"rendered":"\n<p><a href=\"https:\/\/web.osu.cz\/~Habiballa\/vyuka\/uvod-do-informatiky\/\" data-type=\"URL\" data-id=\"https:\/\/web.osu.cz\/~Habiballa\/vyuka\/uvod-do-informatiky\/\">Z\u00e1klady (teoretick\u00e9) informatiky &#8211; UVDIN\/XUVDN\/2UVDN\/7ZAIN\/XZAIN\/2ZAIN (\u00davod do informatiky)<\/a><\/p>\n\n\n\n<p><a href=\"https:\/\/web.osu.cz\/~Habiballa\/vyuka\/gramatiky-a-jazyky\/\" data-type=\"URL\" data-id=\"https:\/\/web.osu.cz\/~Habiballa\/vyuka\/gramatiky-a-jazyky\/\">Form\u00e1ln\u00ed jazyky a gramatiky (Gramatiky a jazyky, resp. Teorie jazyk\u016f a automat\u016f) &#8211; GRAJA\/XGRJA\/2GRJA\/XGRAJ\/2GRAJ\/7GRAJ<\/a><\/p>\n\n\n\n<p><a href=\"https:\/\/web.osu.cz\/~Habiballa\/vyuka\/vycislitelnost-a-slozitost-1\/\" data-type=\"URL\" data-id=\"https:\/\/web.osu.cz\/~Habiballa\/vyuka\/vycislitelnost-a-slozitost-1\/\">Vy\u010d\u00edslitelnost a slo\u017eitost (Vy\u010d\u00edslitelnost a slo\u017eitost 1, 2) &#8211; VYSL1, XVYS1, 7VYS1, VYSL2, XVYS2<\/a><\/p>\n\n\n\n<h3 class=\"wp-block-heading\"><br><\/h3>\n","protected":false},"excerpt":{"rendered":"<p>Z\u00e1klady (teoretick\u00e9) informatiky &#8211; UVDIN\/XUVDN\/2UVDN\/7ZAIN\/XZAIN\/2ZAIN (\u00davod do informatiky) Form\u00e1ln\u00ed jazyky a gramatiky (Gramatiky a jazyky, resp. Teorie jazyk\u016f a automat\u016f) &#8211; GRAJA\/XGRJA\/2GRJA\/XGRAJ\/2GRAJ\/7GRAJ Vy\u010d\u00edslitelnost a slo\u017eitost (Vy\u010d\u00edslitelnost a slo\u017eitost 1, 2) &#8211; VYSL1, XVYS1, 7VYS1, VYSL2, XVYS2<\/p>\n","protected":false},"author":1,"featured_media":0,"parent":0,"menu_order":0,"comment_status":"closed","ping_status":"closed","template":"","meta":{"ngg_post_thumbnail":0,"footnotes":""},"class_list":["post-102","page","type-page","status-publish","hentry"],"_links":{"self":[{"href":"https:\/\/web.osu.cz\/~Habiballa\/wp-json\/wp\/v2\/pages\/102","targetHints":{"allow":["GET"]}}],"collection":[{"href":"https:\/\/web.osu.cz\/~Habiballa\/wp-json\/wp\/v2\/pages"}],"about":[{"href":"https:\/\/web.osu.cz\/~Habiballa\/wp-json\/wp\/v2\/types\/page"}],"author":[{"embeddable":true,"href":"https:\/\/web.osu.cz\/~Habiballa\/wp-json\/wp\/v2\/users\/1"}],"replies":[{"embeddable":true,"href":"https:\/\/web.osu.cz\/~Habiballa\/wp-json\/wp\/v2\/comments?post=102"}],"version-history":[{"count":2,"href":"https:\/\/web.osu.cz\/~Habiballa\/wp-json\/wp\/v2\/pages\/102\/revisions"}],"predecessor-version":[{"id":287,"href":"https:\/\/web.osu.cz\/~Habiballa\/wp-json\/wp\/v2\/pages\/102\/revisions\/287"}],"wp:attachment":[{"href":"https:\/\/web.osu.cz\/~Habiballa\/wp-json\/wp\/v2\/media?parent=102"}],"curies":[{"name":"wp","href":"https:\/\/api.w.org\/{rel}","templated":true}]}}