{"id":126,"date":"2019-01-18T09:29:39","date_gmt":"2019-01-18T09:29:39","guid":{"rendered":"http:\/\/habiballa.8u.cz\/?page_id=126"},"modified":"2021-09-17T19:47:34","modified_gmt":"2021-09-17T17:47:34","slug":"gramatiky-a-jazyky","status":"publish","type":"page","link":"https:\/\/web.osu.cz\/~Habiballa\/vyuka\/gramatiky-a-jazyky\/","title":{"rendered":"Gramatiky a jazyky"},"content":{"rendered":"\n<p> Form\u00e1ln\u00ed jazyky a gramatiky (Gramatiky a jazyky, resp. Teorie jazyk\u016f a automat\u016f) \u2013 GRAJA\/XGRJA\/2GRJA\/XGRAJ\/2GRAJ\/7GRAJ<\/p>\n\n\n\n<p><br><a href=\"https:\/\/web.osu.cz\/~Habiballa\/files\/GRAJA.pdf\" data-type=\"URL\" data-id=\"https:\/\/web.osu.cz\/~Habiballa\/files\/GRAJA.pdf\">Z\u00e1kladn\u00ed opora pro Gramatiky a jazyky<\/a><\/p>\n\n\n\n<p>jako dopln\u011bk lze vyu\u017e\u00edt tak\u00e9 materi\u00e1ly ke kurz\u016fm Vy\u010d\u00edslitelnost a slo\u017eitost a Gramatiky a jazyky (Form\u00e1ln\u00ed jazyky a gramatiky)<br><\/p>\n\n\n\n<p><a href=\"https:\/\/mediasite.prf.osu.cz\/\">Z\u00e1znamy p\u0159edn\u00e1\u0161ek v syst\u00e9mu Mediasite -&gt; mediasite.prf.osu.cz<\/a><\/p>\n\n\n\n<p><a href=\"https:\/\/web.osu.cz\/~Habiballa\/files\/uvdoi.zip\" data-type=\"URL\" data-id=\"https:\/\/web.osu.cz\/~Habiballa\/files\/uvdoi.zip\">Speci\u00e1ln\u00ed bal\u00ed\u010dek multimedi\u00e1ln\u00edch materi\u00e1l\u016f -&gt; https:\/\/web.osu.cz\/~Habiballa\/files\/uvdoi.zip<\/a><br><\/p>\n\n\n\n<figure class=\"wp-block-table\"><table><tbody><tr><td><strong>Po\u017eadavky na studenta<\/strong><\/td><\/tr><tr><td>V\n prezen\u010dn\u00edm studiu 2 testy za celkem 60 bod\u016f a zkou\u0161kov\u00fd test za 40 bod\u016f\n na konci semestru. V kombinovan\u00e9m a distan\u010dn\u00edm studiu 4 koresponden\u010dn\u00ed \n\u00fakoly za celkem 100 bod\u016f.<\/td><\/tr><tr><td><strong>P\u0159ehled prob\u00edran\u00e9 l\u00e1tky<\/strong><\/td><\/tr><tr><td> 1.  Kone\u010dn\u00fd automat a jazyky rozpoznateln\u00e9 KA, Deterministick\u00e9 a nedeterministick\u00e9 KA, Zobecn\u011bn\u00e9 nedeterministick\u00e9 KA a t\u0159\u00edda jazyk\u016f rozpoznateln\u00fdch KA <br> 2.&nbsp;&nbsp;&nbsp; Uz\u00e1v\u011brov\u00e9 vlastnosti t\u0159\u00eddy jazyk\u016f rozpoznateln\u00fdch KA<br> 3.&nbsp;&nbsp;&nbsp; Regul\u00e1rn\u00ed jazyky, regul\u00e1rn\u00ed v\u00fdrazy, jejich vztah k jazyk\u016fm rozpoznateln\u00fdm kone\u010dn\u00fdmi automaty, redukce kone\u010dn\u00fdch automat\u016f<br> 4.&nbsp;&nbsp;&nbsp; Bezkontextov\u00e9 gramatiky a jazyky, regul\u00e1rn\u00ed gramatiky a jazyky, Nevypou\u0161t\u011bj\u00edc\u00ed a redukovan\u00e9 gramatiky, kanonick\u00e1 odvozen\u00ed, jednozna\u010dn\u00e9 gramatiky, lemma o vkl\u00e1d\u00e1n\u00ed (pumping lemma)<br> 5.&nbsp;&nbsp;&nbsp; Z\u00e1sobn\u00edkov\u00e9 automaty, vztah k bezkontextov\u00fdm jazyk\u016fm, Uz\u00e1v\u011brov\u00e9 vlastnosti t\u0159\u00eddy bezkontextov\u00fdch jazyk\u016f<br> 6.&nbsp;&nbsp;&nbsp; Obecn\u00e9 p\u0159episovac\u00ed syst\u00e9my, Chomsk\u00e9ho hierarchie, Turingovy stroje<br> 7.&nbsp;&nbsp;&nbsp; Deterministick\u00e9 z\u00e1sobn\u00edkov\u00e9 automaty a jazyky, Z\u00e1klady syntaktick\u00e9 anal\u00fdzy shora dol\u016f a zdola nahoru<br> 8.&nbsp;&nbsp;&nbsp; Jednoduch\u00e9 LL(1) gramatiky, q-gramatiky, rozkladov\u00e9 tabulky a algoritmy anal\u00fdzy<br> 9.&nbsp;&nbsp;&nbsp; Siln\u00e9 LL(1) a LL(k) gramatiky, slab\u00e9 LL(k) gramatiky<br> 10.&nbsp;&nbsp; Syntaktick\u00e1 anal\u00fdza zdola nahoru, LR gramatiky<br> 11.&nbsp;&nbsp; LL a LR jazyky<br> 12.&nbsp;&nbsp; Obecn\u00e9 algoritmy syntaktick\u00e9 anal\u00fdzy pro bezkontextov\u00e9 jazyky<br> 13.&nbsp;&nbsp; Algoritmy syntaktick\u00e9 anal\u00fdzy a jejich implemetace,rekurzivn\u00ed sestup, Backus-Naurova forma&nbsp;  <\/td><\/tr><tr><td><strong>Literatura<\/strong><\/td><\/tr><tr><td> Z\u00e1kladn\u00ed:<br> HABIBALLA, H. Gramatiky a jazyky. Ostravsk\u00e1 Univerzita, 2013. <br> M. CHYTIL Automaty a gramatiky, SNTL 1984 (matematick\u00fd semin\u00e1\u0159). <br> &nbsp;<br> Roz\u0161i\u0159uj\u00edc\u00ed:<br> HABIBALLA, H. Regul\u00e1rn\u00ed a bezkontextov\u00e9 jazyky I. OU Ostrava, 2007. &nbsp;&nbsp; <br> HABIBALLA, H. Regul\u00e1rn\u00ed a bezkontextov\u00e9 jazyky II., OU Ostrava, 2007.&nbsp; <br> M. \u010cE\u0160KA, Z. R\u00c1BOV\u00c1. Gramatiky a jazyky, VUT Brno 1985.&nbsp; <br> &nbsp;<br> Doporu\u010den\u00e1: <br> L. MOLN\u00c1R, M. \u010cE\u0160KA, B. MELICHAR Gramatiky a jazyky, ALFA\/SNTL 1987. <br> JAN\u010cAR, PETR <em>Teoretick\u00e1 informatika<\/em>. V\u0160B TU Ostrava <br><a href=\"http:\/\/www.cs.vsb.cz\/jancar\/TEORET-INF\/teoret-inf.htm\">http:\/\/www.cs.vsb.cz\/jancar\/TEORET-INF\/teoret-inf.htm<\/a> <\/td><\/tr><\/tbody><\/table><\/figure>\n","protected":false},"excerpt":{"rendered":"<p>Form\u00e1ln\u00ed jazyky a gramatiky (Gramatiky a jazyky, resp. Teorie jazyk\u016f a automat\u016f) \u2013 GRAJA\/XGRJA\/2GRJA\/XGRAJ\/2GRAJ\/7GRAJ Z\u00e1kladn\u00ed opora pro Gramatiky a jazyky jako dopln\u011bk lze vyu\u017e\u00edt tak\u00e9 materi\u00e1ly ke kurz\u016fm Vy\u010d\u00edslitelnost a slo\u017eitost a Gramatiky a jazyky (Form\u00e1ln\u00ed jazyky a gramatiky) Z\u00e1znamy p\u0159edn\u00e1\u0161ek v syst\u00e9mu Mediasite -&gt; mediasite.prf.osu.cz Speci\u00e1ln\u00ed bal\u00ed\u010dek multimedi\u00e1ln\u00edch materi\u00e1l\u016f -&gt; https:\/\/web.osu.cz\/~Habiballa\/files\/uvdoi.zip Po\u017eadavky na studenta [&hellip;]<\/p>\n","protected":false},"author":1,"featured_media":0,"parent":102,"menu_order":0,"comment_status":"closed","ping_status":"closed","template":"","meta":{"ngg_post_thumbnail":0,"footnotes":""},"class_list":["post-126","page","type-page","status-publish","hentry"],"_links":{"self":[{"href":"https:\/\/web.osu.cz\/~Habiballa\/wp-json\/wp\/v2\/pages\/126","targetHints":{"allow":["GET"]}}],"collection":[{"href":"https:\/\/web.osu.cz\/~Habiballa\/wp-json\/wp\/v2\/pages"}],"about":[{"href":"https:\/\/web.osu.cz\/~Habiballa\/wp-json\/wp\/v2\/types\/page"}],"author":[{"embeddable":true,"href":"https:\/\/web.osu.cz\/~Habiballa\/wp-json\/wp\/v2\/users\/1"}],"replies":[{"embeddable":true,"href":"https:\/\/web.osu.cz\/~Habiballa\/wp-json\/wp\/v2\/comments?post=126"}],"version-history":[{"count":10,"href":"https:\/\/web.osu.cz\/~Habiballa\/wp-json\/wp\/v2\/pages\/126\/revisions"}],"predecessor-version":[{"id":341,"href":"https:\/\/web.osu.cz\/~Habiballa\/wp-json\/wp\/v2\/pages\/126\/revisions\/341"}],"up":[{"embeddable":true,"href":"https:\/\/web.osu.cz\/~Habiballa\/wp-json\/wp\/v2\/pages\/102"}],"wp:attachment":[{"href":"https:\/\/web.osu.cz\/~Habiballa\/wp-json\/wp\/v2\/media?parent=126"}],"curies":[{"name":"wp","href":"https:\/\/api.w.org\/{rel}","templated":true}]}}