{"id":155,"date":"2019-01-18T18:15:56","date_gmt":"2019-01-18T18:15:56","guid":{"rendered":"http:\/\/habiballa.8u.cz\/?page_id=155"},"modified":"2021-09-17T20:04:23","modified_gmt":"2021-09-17T18:04:23","slug":"jine","status":"publish","type":"page","link":"https:\/\/web.osu.cz\/~Habiballa\/vyuka\/jine\/","title":{"rendered":"Jin\u00e9"},"content":{"rendered":"\n<h3 class=\"wp-block-heading\">Dal\u0161\u00ed v\u00fdukov\u00e9 materi\u00e1ly<\/h3>\n\n\n\n<p><a href=\"http:\/\/web.osu.cz\/~Habiballa\/opory\/mfi2.pdf\">Popul\u00e1rn\u00ed \u010dl\u00e1nek pro \u010dasopis MFI &#8211; Vy\u010d\u00edslitelnost a slo\u017eitost<\/a><\/p>\n\n\n\n<p><a href=\"http:\/\/web.osu.cz\/~Habiballa\/opory\/mfi1.pdf\">Popul\u00e1rn\u00ed \u010dl\u00e1nek pro \u010dasopis MFI &#8211; Form\u00e1ln\u00ed jazyky<\/a>  <\/p>\n\n\n\n<p><a href=\"http:\/\/web.osu.cz\/~Habiballa\/opory\/mfi3.pdf\">Popul\u00e1rn\u00ed \u010dl\u00e1nek pro \u010dasopis MFI &#8211; Logika<\/a> <\/p>\n\n\n\n<p><a href=\"http:\/\/web.osu.cz\/~Habiballa\/opory\/mfi5a.pdf\">Popul\u00e1rn\u00ed \u010dl\u00e1nek pro \u010dasopis MFI &#8211; Od TFJA k jednoduch\u00e9mu p\u0159eklada\u010di<\/a> <\/p>\n\n\n\n<p class=\"has-text-align-left\"><\/p>\n\n\n\n<h3 class=\"wp-block-heading\">Star\u0161\u00ed opory ke kurz\u016fm<\/h3>\n\n\n\n<p><a href=\"http:\/\/web.osu.cz\/~Habiballa\/opory\/PREKL.pdf\">Opora ke kurzu P\u0159eklada\u010de<\/a><\/p>\n\n\n\n<p><a href=\"http:\/\/web.osu.cz\/~Habiballa\/opory\/prolo.pdf\">Opora ke kurzu PROLOG<\/a><\/p>\n\n\n\n<p><a href=\"http:\/\/web.osu.cz\/~Habiballa\/opory\/xauto.pdf\">Opora ke kurzu Automatizace dedukce<\/a><\/p>\n\n\n\n<p><a href=\"http:\/\/web.osu.cz\/~Habiballa\/opory\/umint.pdf\">Opora ke kurzu Um\u011bl\u00e1 inteligence (star\u0161\u00ed)<\/a><\/p>\n","protected":false},"excerpt":{"rendered":"<p>Dal\u0161\u00ed v\u00fdukov\u00e9 materi\u00e1ly Popul\u00e1rn\u00ed \u010dl\u00e1nek pro \u010dasopis MFI &#8211; Vy\u010d\u00edslitelnost a slo\u017eitost Popul\u00e1rn\u00ed \u010dl\u00e1nek pro \u010dasopis MFI &#8211; Form\u00e1ln\u00ed jazyky Popul\u00e1rn\u00ed \u010dl\u00e1nek pro \u010dasopis MFI &#8211; Logika Popul\u00e1rn\u00ed \u010dl\u00e1nek pro \u010dasopis MFI &#8211; Od TFJA k jednoduch\u00e9mu p\u0159eklada\u010di Star\u0161\u00ed opory ke kurz\u016fm Opora ke kurzu P\u0159eklada\u010de Opora ke kurzu PROLOG Opora ke kurzu Automatizace dedukce [&hellip;]<\/p>\n","protected":false},"author":1,"featured_media":0,"parent":102,"menu_order":0,"comment_status":"closed","ping_status":"closed","template":"","meta":{"ngg_post_thumbnail":0,"footnotes":""},"class_list":["post-155","page","type-page","status-publish","hentry"],"_links":{"self":[{"href":"https:\/\/web.osu.cz\/~Habiballa\/wp-json\/wp\/v2\/pages\/155","targetHints":{"allow":["GET"]}}],"collection":[{"href":"https:\/\/web.osu.cz\/~Habiballa\/wp-json\/wp\/v2\/pages"}],"about":[{"href":"https:\/\/web.osu.cz\/~Habiballa\/wp-json\/wp\/v2\/types\/page"}],"author":[{"embeddable":true,"href":"https:\/\/web.osu.cz\/~Habiballa\/wp-json\/wp\/v2\/users\/1"}],"replies":[{"embeddable":true,"href":"https:\/\/web.osu.cz\/~Habiballa\/wp-json\/wp\/v2\/comments?post=155"}],"version-history":[{"count":10,"href":"https:\/\/web.osu.cz\/~Habiballa\/wp-json\/wp\/v2\/pages\/155\/revisions"}],"predecessor-version":[{"id":344,"href":"https:\/\/web.osu.cz\/~Habiballa\/wp-json\/wp\/v2\/pages\/155\/revisions\/344"}],"up":[{"embeddable":true,"href":"https:\/\/web.osu.cz\/~Habiballa\/wp-json\/wp\/v2\/pages\/102"}],"wp:attachment":[{"href":"https:\/\/web.osu.cz\/~Habiballa\/wp-json\/wp\/v2\/media?parent=155"}],"curies":[{"name":"wp","href":"https:\/\/api.w.org\/{rel}","templated":true}]}}