{"id":204,"date":"2019-01-20T18:13:34","date_gmt":"2019-01-20T18:13:34","guid":{"rendered":"http:\/\/habiballa.8u.cz\/?page_id=204"},"modified":"2021-09-16T18:33:54","modified_gmt":"2021-09-16T16:33:54","slug":"eqcreator","status":"publish","type":"page","link":"https:\/\/web.osu.cz\/~Habiballa\/software\/eqcreator\/","title":{"rendered":"EQCreator"},"content":{"rendered":"\n<p>EQCreator is an experimental app for automated generation of EQ-algebras (special truth value structures for fuzzy logics). It uses genetic algorithms to search for algebras with fixed and optional axioms satisfied. More details could be found in articles e.g.  Habiballa, H., Hire\u0161, M. a Jendry\u0161\u010d\u00edk, R. Properties of Genetic Algorithms for Automated Algebras Generation. <strong>In: <\/strong><em>CSOC 2017: ARTIFICIAL INTELLIGENCE TRENDS IN INTELLIGENT SYSTEMS.<\/em> CHAM, SWITZERLAND: SPRINGER INTERNATIONAL PUBLISHING AG, 2017. pp. 424-433. ISBN 978-3-319-57261-1. ISSN: 2194-5357.<\/p>\n\n\n\n<figure class=\"wp-block-image\"><img decoding=\"async\" src=\"http:\/\/habiballa.8u.cz\/wp-content\/uploads\/2019\/01\/image-11-1024x643.png\" alt=\"\" class=\"wp-image-209\"\/><\/figure>\n\n\n\n<p><strong>EQCreator<\/strong> is a fully working freeware with no licence restrictions. <br><br> To download EQCreator documentation in PDF, use the following <a href=\"https:\/\/web.osu.cz\/~Habiballa\/sw\/EQCreator.pdf\" data-type=\"URL\" data-id=\"https:\/\/web.osu.cz\/~Habiballa\/sw\/EQCreator.pdf\">link<\/a>. <br><br> To download EQCreator license in TXT, use the following <a href=\"https:\/\/web.osu.cz\/~Habiballa\/sw\/licence.txt\" data-type=\"URL\" data-id=\"https:\/\/web.osu.cz\/~Habiballa\/sw\/licence.txt\">link<\/a>. <br><br> To download EQCreator software in ZIP file, use the following <a href=\"https:\/\/web.osu.cz\/~Habiballa\/sw\/eqcreator.zip\" data-type=\"URL\" data-id=\"https:\/\/web.osu.cz\/~Habiballa\/sw\/eqcreator.zip\">link<\/a>. <\/p>\n","protected":false},"excerpt":{"rendered":"<p>EQCreator is an experimental app for automated generation of EQ-algebras (special truth value structures for fuzzy logics). It uses genetic algorithms to search for algebras with fixed and optional axioms satisfied. More details could be found in articles e.g. Habiballa, H., Hire\u0161, M. a Jendry\u0161\u010d\u00edk, R. Properties of Genetic Algorithms for Automated Algebras Generation. In: [&hellip;]<\/p>\n","protected":false},"author":1,"featured_media":0,"parent":181,"menu_order":0,"comment_status":"closed","ping_status":"closed","template":"","meta":{"ngg_post_thumbnail":0,"footnotes":""},"class_list":["post-204","page","type-page","status-publish","hentry"],"_links":{"self":[{"href":"https:\/\/web.osu.cz\/~Habiballa\/wp-json\/wp\/v2\/pages\/204","targetHints":{"allow":["GET"]}}],"collection":[{"href":"https:\/\/web.osu.cz\/~Habiballa\/wp-json\/wp\/v2\/pages"}],"about":[{"href":"https:\/\/web.osu.cz\/~Habiballa\/wp-json\/wp\/v2\/types\/page"}],"author":[{"embeddable":true,"href":"https:\/\/web.osu.cz\/~Habiballa\/wp-json\/wp\/v2\/users\/1"}],"replies":[{"embeddable":true,"href":"https:\/\/web.osu.cz\/~Habiballa\/wp-json\/wp\/v2\/comments?post=204"}],"version-history":[{"count":2,"href":"https:\/\/web.osu.cz\/~Habiballa\/wp-json\/wp\/v2\/pages\/204\/revisions"}],"predecessor-version":[{"id":271,"href":"https:\/\/web.osu.cz\/~Habiballa\/wp-json\/wp\/v2\/pages\/204\/revisions\/271"}],"up":[{"embeddable":true,"href":"https:\/\/web.osu.cz\/~Habiballa\/wp-json\/wp\/v2\/pages\/181"}],"wp:attachment":[{"href":"https:\/\/web.osu.cz\/~Habiballa\/wp-json\/wp\/v2\/media?parent=204"}],"curies":[{"name":"wp","href":"https:\/\/api.w.org\/{rel}","templated":true}]}}