{"id":25,"date":"2019-01-15T18:22:03","date_gmt":"2019-01-15T18:22:03","guid":{"rendered":"http:\/\/habiballa.8u.cz\/?page_id=20"},"modified":"2019-01-15T18:22:03","modified_gmt":"2019-01-15T18:22:03","slug":"intro","status":"publish","type":"page","link":"https:\/\/web.osu.cz\/~Habiballa\/","title":{"rendered":"Intro"},"content":{"rendered":"\n<p style=\"background-color:#143663;color:#ffff00\" class=\"has-text-color has-background\"><strong>Doc. RNDr. PaedDr. Hashim HABIBALLA, PhD., Ph.D.<\/strong><\/p>\n\n\n\n<figure class=\"wp-block-image is-resized\"><img loading=\"lazy\" decoding=\"async\" src=\"http:\/\/habiballa.8u.cz\/wp-content\/uploads\/2019\/01\/image-3.png\" alt=\"\" class=\"wp-image-25\" width=\"26\" height=\"23\"\/><\/figure>\n\n\n\n<p style=\"background-color:#143663;color:#ffff00;font-size:-2px\" class=\"has-text-color has-background\">(*1976) Absolvent P\u0159\u00edrodov\u011bdeck\u00e9 fakulty Ostravsk\u00e9 Univerzity oboru Informatika a v\u00fdpo\u010detn\u00ed technika &#8211; informa\u010dn\u00ed syst\u00e9my (Mgr. &#8211; 1999), d\u00e1le absolvoval rigor\u00f3zn\u00ed zkou\u0161ku v oboru U\u010ditelstv\u00ed VVP &#8211; specializace informatika na Univerzit\u011b Kon\u0161tant\u00edna Filozofa v Nit\u0159e (PaedDr. &#8211; 2003) a v roce 2004 \u00fasp\u011b\u0161n\u011b obh\u00e1jil diserta\u010dn\u00ed pr\u00e1ci v r\u00e1mci doktorandsk\u00e9ho studia v oboru Te\u00f3ria vyu\u010dovania informatiky (PhD.). V roce 2006 na Ostravsk\u00e9 Univerzit\u011b vykonal rigor\u00f3zn\u00ed zkou\u0161ku v oboru Informa\u010dn\u00ed syst\u00e9my (RNDr.) a n\u00e1sledn\u011b i obh\u00e1jil druhou dizerta\u010dn\u00ed pr\u00e1ci v roce 2007 (Ph.D.). V roce 2012 \u00fasp\u011b\u0161n\u011b ukon\u010dil habilita\u010dn\u00ed \u0159\u00edzen\u00ed na Fakut\u011b Informatiky a Managementu Univerzity Hradec Kr\u00e1lov\u00e9 a byl jmenov\u00e1n docentem pro obor Syst\u00e9mov\u00e9 in\u017een\u00fdrstv\u00ed a informatika. Je docentem a vedouc\u00edm katedry informatiky a po\u010d\u00edta\u010d\u016f P\u0159F Ostravsk\u00e9 Univerzity.\u00a0 Zam\u011b\u0159uje se na um\u011blou inteligenci, logiku, teorii form\u00e1ln\u00edch jazyk\u016f, logick\u00e9 programov\u00e1n\u00ed a v\u00fdzkum v didaktice informatiky. Je autorem cca 100 publikac\u00ed &#8211; monografie, \u010dl\u00e1nky v recenzovan\u00fdch \u010dasopisech, p\u0159\u00edsp\u011bvky ve sborn\u00edc\u00edch z mezin\u00e1rodn\u00edch konferenc\u00ed. \u00da\u010dastnil se na 3 v\u00fdzkumn\u00fdch z\u00e1m\u011brech M\u0160MT, 2 projekt\u016f GA\u010cR atd.<\/p>\n\n\n\n<figure class=\"wp-block-image is-resized\"><img loading=\"lazy\" decoding=\"async\" src=\"http:\/\/habiballa.8u.cz\/wp-content\/uploads\/2019\/01\/image-2.png\" alt=\"\" class=\"wp-image-24\" width=\"26\" height=\"23\"\/><\/figure>\n\n\n\n<p style=\"background-color:#143663;color:#ffff00;font-size:-2px\" class=\"has-text-color has-background\">(*1976) He graduated at University of Ostrava, Faculty of Science in course Information Systems (Mgr.~ MSc. &#8211; 1999), further he passed rigorous examination in Computer Science Education (PaedDr. &#8211; 2003) and in 2004 he defended in the same discipline dissertation (PhD. &#8211; 2004). In 2006 he passed rigorous examination in Information Systems (RNDr. &#8211; 2006) followed by second dissertation in 2007 in the same discipline (Ph.D. &#8211; 2007). In 2012 he finished habilitation on University of Hradec Kralove and he is appointed docent (Doc. &#8211; Associate professor) in the field system engineering and informatics. He works as Associate Professor and head of dept. on University of Ostrava, Dept. Informatics and Computers from 1999. He focuses to artificial intelligence, logic, theory of formal languages, logic programming and Computer Science Education. He is author of about 100 publications &#8211; articles in reviewed journals, articles in proceedings of intl. conferences, etc. He also participated in 3 research plans, 2 projects GACR etc.<br><\/p>\n","protected":false},"excerpt":{"rendered":"<p>Doc. RNDr. PaedDr. Hashim HABIBALLA, PhD., Ph.D. (*1976) Absolvent P\u0159\u00edrodov\u011bdeck\u00e9 fakulty Ostravsk\u00e9 Univerzity oboru Informatika a v\u00fdpo\u010detn\u00ed technika &#8211; informa\u010dn\u00ed syst\u00e9my (Mgr. &#8211; 1999), d\u00e1le absolvoval rigor\u00f3zn\u00ed zkou\u0161ku v oboru U\u010ditelstv\u00ed VVP &#8211; specializace informatika na Univerzit\u011b Kon\u0161tant\u00edna Filozofa v Nit\u0159e (PaedDr. &#8211; 2003) a v roce 2004 \u00fasp\u011b\u0161n\u011b obh\u00e1jil diserta\u010dn\u00ed pr\u00e1ci v r\u00e1mci doktorandsk\u00e9ho [&hellip;]<\/p>\n","protected":false},"author":1,"featured_media":0,"parent":0,"menu_order":0,"comment_status":"closed","ping_status":"closed","template":"","meta":{"ngg_post_thumbnail":0,"footnotes":""},"class_list":["post-25","page","type-page","status-publish","hentry"],"_links":{"self":[{"href":"https:\/\/web.osu.cz\/~Habiballa\/wp-json\/wp\/v2\/pages\/25","targetHints":{"allow":["GET"]}}],"collection":[{"href":"https:\/\/web.osu.cz\/~Habiballa\/wp-json\/wp\/v2\/pages"}],"about":[{"href":"https:\/\/web.osu.cz\/~Habiballa\/wp-json\/wp\/v2\/types\/page"}],"author":[{"embeddable":true,"href":"https:\/\/web.osu.cz\/~Habiballa\/wp-json\/wp\/v2\/users\/1"}],"replies":[{"embeddable":true,"href":"https:\/\/web.osu.cz\/~Habiballa\/wp-json\/wp\/v2\/comments?post=25"}],"version-history":[{"count":0,"href":"https:\/\/web.osu.cz\/~Habiballa\/wp-json\/wp\/v2\/pages\/25\/revisions"}],"wp:attachment":[{"href":"https:\/\/web.osu.cz\/~Habiballa\/wp-json\/wp\/v2\/media?parent=25"}],"curies":[{"name":"wp","href":"https:\/\/api.w.org\/{rel}","templated":true}]}}