{"id":68,"date":"2019-01-16T15:08:42","date_gmt":"2019-01-16T15:08:42","guid":{"rendered":"http:\/\/habiballa.8u.cz\/?page_id=68"},"modified":"2021-09-16T17:51:35","modified_gmt":"2021-09-16T15:51:35","slug":"kontakty-contacts","status":"publish","type":"page","link":"https:\/\/web.osu.cz\/~Habiballa\/kontakty-contacts\/","title":{"rendered":"Kontakt \/ Contact"},"content":{"rendered":"\n<figure class=\"wp-block-table\"><table><tbody><tr><td>************************************************<br>Contact (in english)<br>************************************************<br>Assoc. Prof. Dr. Hashim Habiballa, Ph.D., Ed.D.<br>Department of Informatics and Computers<br>Faculty of Science<br>University of Ostrava<br>st. 30. dubna 22<br>702 00 Ostrava 1<br>Czech Republic<br>e-mail: hashim.habiballa@osu.cz<br>e-mail2: hashim@seznam.cz<br>tel.: +420597092170<br>mobil: +420608886130<br>www: <a href=\"https:\/\/web.osu.cz\/~Habiballa\/\">https:\/\/web.osu.cz\/~Habiballa\/<\/a><br>link: <a href=\"https:\/\/prf.osu.cz\/kip\/\">https:\/\/prf.osu.cz\/kip\/<\/a><\/td><td>************************************************<br>Kontakt (CZE)<br>************************************************<br>Doc. RNDr. PaedDr. Hashim Habiballa, PhD., Ph.D.<br>katedra informatiky a po\u010d\u00edta\u010d\u016f<br>P\u0159\u00edrodov\u011bdeck\u00e1 fakulta<br>Ostravsk\u00e1 Univerzita<br>ul. 30. dubna 22<br>702 00 Ostrava 1<br><br>e-mail: hashim.habiballa@osu.cz<br>e-mail2: hashim@seznam.cz<br>tel.: +420597092170<br>mobil: +420608886130<br>www: <a href=\"https:\/\/web.osu.cz\/~Habiballa\/\">https:\/\/web.osu.cz\/~Habiballa\/<\/a><br>link: <a href=\"https:\/\/prf.osu.cz\/kip\/\">https:\/\/prf.osu.cz\/kip\/<\/a><\/td><\/tr><\/tbody><\/table><\/figure>\n\n\n<div id=\"wpgmza_map\" class=\"wpgmza_map\" data-settings='{\"id\":\"1\",\"map_title\":\"KIPmap\",\"map_width\":\"100\",\"map_height\":\"400\",\"map_start_lat\":\"49.83992350408778\",\"map_start_lng\":\"18.290979286715878\",\"map_start_location\":\"45.950464398418106,-109.81550500000003\",\"map_start_zoom\":\"16\",\"default_marker\":\"\",\"type\":\"0\",\"alignment\":\"4\",\"directions_enabled\":\"0\",\"styling_enabled\":\"0\",\"styling_json\":\"\",\"active\":\"0\",\"kml\":\"\",\"bicycle\":\"0\",\"traffic\":\"0\",\"dbox\":\"0\",\"dbox_width\":\"\",\"listmarkers\":\"0\",\"listmarkers_advanced\":\"0\",\"filterbycat\":\"0\",\"ugm_enabled\":\"0\",\"ugm_category_enabled\":\"0\",\"fusion\":\"\",\"map_width_type\":\"%\",\"map_height_type\":\"px\",\"mass_marker_support\":\"0\",\"ugm_access\":\"0\",\"order_markers_by\":\"0\",\"order_markers_choice\":\"0\",\"show_user_location\":\"0\",\"default_to\":\"\",\"other_settings\":{\"map_type\":1,\"sl_stroke_color\":\"\",\"sl_fill_color\":\"\",\"sl_stroke_opacity\":\"\",\"sl_fill_opacity\":\"\",\"transport_layer\":false,\"action\":\"wpgmza_save_map\",\"redirect_to\":\"\\\/~Habiballa\\\/wp-admin\\\/admin-post.php\",\"map_id\":\"1\",\"http_referer\":\"\\\/~Habiballa\\\/wp-admin\\\/admin.php?page=wp-google-maps-menu&amp;amp;action=edit&amp;amp;map_id=1\",\"wpgmza_id\":\"1\",\"wpgmza_start_location\":\"49.83992350408778,18.290979286715878\",\"wpgmza_start_zoom\":\"16\",\"store_locator_enabled\":false,\"store_locator_search_area\":\"radial\",\"wpgmza_store_locator_radius_style\":\"legacy\",\"wpgmza_store_locator_default_radius\":\"10\",\"store_locator_auto_area_max_zoom\":\"\",\"store_locator_distance\":false,\"wpgmza_store_locator_position\":false,\"store_locator_show_distance\":false,\"store_locator_category\":false,\"wpgmza_store_locator_use_their_location\":false,\"wpgmza_store_locator_bounce\":false,\"wpgmza_sl_animation\":null,\"wpgmza_store_locator_hide_before_search\":false,\"store_locator_query_string\":\"\",\"store_locator_default_address\":\"\",\"store_locator_name_search\":false,\"store_locator_name_string\":\"\",\"store_locator_not_found_message\":\"\",\"wpgmza_map_align\":\"1\",\"jump_to_nearest_marker_on_initialization\":false,\"automatically_pan_to_users_location\":false,\"override_users_location_zoom_level\":false,\"override_users_location_zoom_levels\":\"\",\"show_distance_from_location\":false,\"map_max_zoom\":\"21\",\"map_min_zoom\":\"0\",\"click_open_link\":false,\"fit_maps_bounds_to_markers\":false,\"fit_maps_bounds_to_markers_after_filtering\":false,\"hide_point_of_interest\":false,\"wpgmza_zoom_on_marker_click\":false,\"wpgmza_zoom_on_marker_click_slider\":\"\",\"close_infowindow_on_map_click\":false,\"disable_lightbox_images\":false,\"use_Raw_Jpeg_Coordinates\":false,\"polygon_labels\":false,\"disable_polygon_info_windows\":false,\"enable_marker_ratings\":false,\"only_load_markers_within_viewport\":false,\"iw_primary_color\":\"\",\"iw_accent_color\":\"\",\"iw_text_color\":\"\",\"wpgmza_listmarkers_by\":\"0\",\"wpgmza_marker_listing_position\":false,\"zoom_level_on_marker_listing_override\":false,\"zoom_level_on_marker_listing_click\":\"\",\"datatable_no_result_message\":\"\",\"remove_search_box_datables\":false,\"dataTable_pagination_style\":null,\"datatable_search_string\":\"\",\"datatable_result_start\":\"\",\"datatable_result_of\":\"\",\"datatable_result_to\":\"\",\"datatable_result_total\":\"\",\"datatable_result_show\":\"\",\"datatable_result_entries\":\"\",\"wpgmza_savemap\":\"Save Map \\u00bb\"}}' data-map-id='1' Data-maps-engine='open-layers' data-shortcode-attributes='{\"id\":\"1\"}' style=\"display:block; overflow:auto; width:100%; height:400px; float:left;\"><\/div>","protected":false},"excerpt":{"rendered":"<p>************************************************Contact (in english)************************************************Assoc. Prof. Dr. Hashim Habiballa, Ph.D., Ed.D.Department of Informatics and ComputersFaculty of ScienceUniversity of Ostravast. 30. dubna 22702 00 Ostrava 1Czech Republice-mail: hashim.habiballa@osu.cze-mail2: hashim@seznam.cztel.: +420597092170mobil: +420608886130www: https:\/\/web.osu.cz\/~Habiballa\/link: https:\/\/prf.osu.cz\/kip\/ ************************************************Kontakt (CZE)************************************************Doc. RNDr. PaedDr. Hashim Habiballa, PhD., Ph.D.katedra informatiky a po\u010d\u00edta\u010d\u016fP\u0159\u00edrodov\u011bdeck\u00e1 fakultaOstravsk\u00e1 Univerzitaul. 30. dubna 22702 00 Ostrava 1 e-mail: hashim.habiballa@osu.cze-mail2: hashim@seznam.cztel.: +420597092170mobil: +420608886130www: https:\/\/web.osu.cz\/~Habiballa\/link: [&hellip;]<\/p>\n","protected":false},"author":1,"featured_media":0,"parent":0,"menu_order":0,"comment_status":"closed","ping_status":"closed","template":"","meta":{"ngg_post_thumbnail":0,"footnotes":""},"class_list":["post-68","page","type-page","status-publish","hentry"],"_links":{"self":[{"href":"https:\/\/web.osu.cz\/~Habiballa\/wp-json\/wp\/v2\/pages\/68","targetHints":{"allow":["GET"]}}],"collection":[{"href":"https:\/\/web.osu.cz\/~Habiballa\/wp-json\/wp\/v2\/pages"}],"about":[{"href":"https:\/\/web.osu.cz\/~Habiballa\/wp-json\/wp\/v2\/types\/page"}],"author":[{"embeddable":true,"href":"https:\/\/web.osu.cz\/~Habiballa\/wp-json\/wp\/v2\/users\/1"}],"replies":[{"embeddable":true,"href":"https:\/\/web.osu.cz\/~Habiballa\/wp-json\/wp\/v2\/comments?post=68"}],"version-history":[{"count":4,"href":"https:\/\/web.osu.cz\/~Habiballa\/wp-json\/wp\/v2\/pages\/68\/revisions"}],"predecessor-version":[{"id":261,"href":"https:\/\/web.osu.cz\/~Habiballa\/wp-json\/wp\/v2\/pages\/68\/revisions\/261"}],"wp:attachment":[{"href":"https:\/\/web.osu.cz\/~Habiballa\/wp-json\/wp\/v2\/media?parent=68"}],"curies":[{"name":"wp","href":"https:\/\/api.w.org\/{rel}","templated":true}]}}